{"id":11,"date":"2017-08-01T07:52:21","date_gmt":"2017-08-01T07:52:21","guid":{"rendered":"http:\/\/inowis.de\/?page_id=11"},"modified":"2021-06-18T09:17:16","modified_gmt":"2021-06-18T07:17:16","slug":"kontakt","status":"publish","type":"page","link":"https:\/\/inowis.de\/?page_id=11","title":{"rendered":"Kontakt"},"content":{"rendered":"<p><span style=\"color: #558ed5;\">Kontakt <span style=\"color: #000000;\">zur<\/span> INOWIS<\/span>\u00a0Service- und Beratungsgesellschaft mbH<\/p>\n<p><strong><img loading=\"lazy\" decoding=\"async\" class=\"alignleft wp-image-212 size-medium\" src=\"https:\/\/inowis.de\/wp-content\/uploads\/2017\/08\/Tressin-195x300.png\" alt=\"\" width=\"195\" height=\"300\" srcset=\"https:\/\/inowis.de\/wp-content\/uploads\/2017\/08\/Tressin-195x300.png 195w, https:\/\/inowis.de\/wp-content\/uploads\/2017\/08\/Tressin.png 285w\" sizes=\"auto, (max-width: 195px) 100vw, 195px\" \/>RA Andreas Tressin<\/strong><\/p>\n<p>Gesch\u00e4ftsf\u00fchrer<\/p>\n<p><strong>Telefon<\/strong> 02171 73 92 20<\/p>\n<p><strong>E-Mail<\/strong> tressin@inowis.de<\/p>\n<p><strong><span style=\"color: #558ed5;\">Anfahrt:<\/span><\/strong><\/p>\n<p>Werkst\u00e4ttenstr. 21<br \/>\n51379 Leverkusen<\/p>\n<div class=\"csc-textpic-text\">\n<p><strong>Autobahn A1 aus Richtung Frechen<\/strong><\/p>\n<p>Fahren Sie am Kreuz Leverkusen auf einen der zwei rechten Fahrstreifen und folgen Sie den Schildern auf die Autobahn A3 Richtung Oberhausen.<\/p>\n<p><strong>Autobahn A3<\/strong><\/p>\n<p>Von der Autobahn A3 kommend nehmen Sie die Ausfahrt Leverkusen-Opladen (22). Fahren Sie an der Ampel links auf die Bonner Stra\u00dfe (B8). Nach 1,2 km fahren Sie an der Ampel gegen\u00fcber der Aral Tankstelle rechts ab. Nach ca. 750 m nehmen Sie im Kreisverkehr die zweite Ausfahrt (Rat-Deycks-Stra\u00dfe). Ordnen Sie sich auf die rechte der beiden linken Spuren ein, um nach 500 m links auf die Rennbaumstra\u00dfe abbiegen zu k\u00f6nnen. Bleiben Sie auf dieser Spur und fahren Sie am kommenden Kreisverkehr rechts vorbei. Die n\u00e4chste Stra\u00dfe biegen Sie wieder rechts ab und fahren \u00fcber den n\u00e4chsten Kreisverkehr gerade dr\u00fcber. Folgen Sie der Stra\u00dfe bis zur n\u00e4chsten Kreuzung, in der Sie links abbiegen. Nach ca. 10 Metern fahren Sie links in die Einfahrt der Unternehmerverb\u00e4nde Rhein-Wupper. In diesem Geb\u00e4ude befindet sich auch die INOWIS. Der Zugang des Geb\u00e4udes ist \u00fcber die Bahnstadtchaussee.<\/p>\n<p><strong>Autobahn A1 aus Richtung Hagen <\/strong><\/p>\n<p>Wenn Sie von der Autobahn A1 aus der Richtung Hagen kommen, nehmen Sie die Ausfahrt Burscheid (97). An der Ampel gegen\u00fcber dem OBI Markt fahren Sie rechts auf die H\u00f6hestra\u00dfe. Bleiben Sie auf dieser Stra\u00dfe, die in die Friedrich-Goetze-Stra\u00dfe (auf der rechten Seite passieren Sie einen REWE-Markt), dann in die Hauptstra\u00dfe, anschlie\u00dfend in die Burscheider Stra\u00dfe und abschlie\u00dfend nach ca. 10 km in die Rennbaumstra\u00dfe \u00fcbergeht. Folgen Sie der Stra\u00dfe bis zum Kreisverkehr und nehmen dann die dritte Ausfahrt. Die n\u00e4chste Stra\u00dfe biegen Sie rechts ab und fahren \u00fcber den n\u00e4chsten Kreisverkehr gerade dr\u00fcber. Folgen Sie der Stra\u00dfe bis zur n\u00e4chsten Kreuzung, in der Sie links abbiegen. Nach ca. 10 Metern fahren Sie links in die Einfahrt der Unternehmerverb\u00e4nde Rhein-Wupper. In diesem Geb\u00e4ude befindet sich auch die INOWIS. Der Zugang des Geb\u00e4udes ist \u00fcber die Bahnstadtchaussee.<\/p>\n<\/div>\n","protected":false},"excerpt":{"rendered":"<p>Kontakt zur INOWIS\u00a0Service- und Beratungsgesellschaft mbH RA Andreas Tressin Gesch\u00e4ftsf\u00fchrer Telefon 02171 73 92 20 E-Mail tressin@inowis.de Anfahrt: Werkst\u00e4ttenstr. 21 51379 Leverkusen Autobahn A1 aus Richtung Frechen Fahren Sie am Kreuz Leverkusen auf einen der zwei rechten Fahrstreifen und folgen Sie den Schildern auf die Autobahn A3 Richtung Oberhausen. Autobahn A3 Von der Autobahn A3 [&hellip;]<\/p>\n","protected":false},"author":1,"featured_media":0,"parent":0,"menu_order":0,"comment_status":"closed","ping_status":"closed","template":"","meta":{"footnotes":""},"class_list":["post-11","page","type-page","status-publish","hentry"],"_links":{"self":[{"href":"https:\/\/inowis.de\/index.php?rest_route=\/wp\/v2\/pages\/11","targetHints":{"allow":["GET"]}}],"collection":[{"href":"https:\/\/inowis.de\/index.php?rest_route=\/wp\/v2\/pages"}],"about":[{"href":"https:\/\/inowis.de\/index.php?rest_route=\/wp\/v2\/types\/page"}],"author":[{"embeddable":true,"href":"https:\/\/inowis.de\/index.php?rest_route=\/wp\/v2\/users\/1"}],"replies":[{"embeddable":true,"href":"https:\/\/inowis.de\/index.php?rest_route=%2Fwp%2Fv2%2Fcomments&post=11"}],"version-history":[{"count":20,"href":"https:\/\/inowis.de\/index.php?rest_route=\/wp\/v2\/pages\/11\/revisions"}],"predecessor-version":[{"id":469,"href":"https:\/\/inowis.de\/index.php?rest_route=\/wp\/v2\/pages\/11\/revisions\/469"}],"wp:attachment":[{"href":"https:\/\/inowis.de\/index.php?rest_route=%2Fwp%2Fv2%2Fmedia&parent=11"}],"curies":[{"name":"wp","href":"https:\/\/api.w.org\/{rel}","templated":true}]}}